{"id":58,"date":"2018-05-21T14:06:22","date_gmt":"2018-05-21T12:06:22","guid":{"rendered":"http:\/\/www.offenstall-alvaschein.ch\/?page_id=58"},"modified":"2024-12-06T11:34:27","modified_gmt":"2024-12-06T10:34:27","slug":"haltung","status":"publish","type":"page","link":"https:\/\/www.offenstall-alvaschein.ch\/index.php\/haltung\/","title":{"rendered":"Haltung"},"content":{"rendered":"<h4><img loading=\"lazy\" decoding=\"async\" class=\"wp-image-338 alignnone\" src=\"http:\/\/www.offenstall-alvaschein.ch\/wp-content\/uploads\/IMG_1153-300x225.jpeg\" alt=\"\" width=\"501\" height=\"376\" srcset=\"https:\/\/www.offenstall-alvaschein.ch\/wp-content\/uploads\/IMG_1153-300x225.jpeg 300w, https:\/\/www.offenstall-alvaschein.ch\/wp-content\/uploads\/IMG_1153-1024x768.jpeg 1024w, https:\/\/www.offenstall-alvaschein.ch\/wp-content\/uploads\/IMG_1153-768x576.jpeg 768w, https:\/\/www.offenstall-alvaschein.ch\/wp-content\/uploads\/IMG_1153-1536x1152.jpeg 1536w, https:\/\/www.offenstall-alvaschein.ch\/wp-content\/uploads\/IMG_1153-2048x1536.jpeg 2048w\" sizes=\"(max-width: 501px) 100vw, 501px\" \/><\/h4>\n<h4>\u00a0<\/h4>\n<h4>Im Sommer&amp;Herbst (ca. Juni bis Oktober):<\/h4>\n<ul>\n<li>halten wir unsere Pferde nach dem Anweiden 24 Stunden auf 10 Hektaren naturnaher, artenreicher Bio-Hangwiesen.<\/li>\n<li>kontrollieren wir die Pferde t\u00e4glich.<\/li>\n<li>stellen wir den Pferden immer frisches Wasser und nat\u00fcrliche Schattenspender zur Verf\u00fcgung.<\/li>\n<\/ul>\n<h4>\u00a0<\/h4>\n<h4 style=\"text-align: left;\">Im Winter&amp;Fr\u00fchling (ca. November bis Mai):<\/h4>\n<ul>\n<li style=\"text-align: left;\">f\u00fchren wir einen grossz\u00fcgigen Offenstall. Der Stall ist abwechslungsreich strukturiert mit mehreren Futter- und Liegepl\u00e4tzen.\u00a0Rangniedrige Pferde finden immer Wege, um auszuweichen.<\/li>\n<li style=\"text-align: left;\">f\u00fcttern wir Bioheu aus eigener Produktion. Das Heu stammt von artenreichen Bergwiesen und steht 24 Stunden in engmaschigen Netzen zur Verf\u00fcgung.<\/li>\n<li style=\"text-align: left;\">liegen die Pferde auf Tiefenstreu in gut durchl\u00fcfteten, aber nicht zugigen Stallbereichen.<\/li>\n<li style=\"text-align: left;\">bieten wir je nach Witterung zus\u00e4tzlichen Auslauf auf dem Reitplatz oder auf der Weide am Stall.<\/li>\n<\/ul>\n<div>\u00a0<\/div>\n<div>\n<p><strong><span style=\"font-size: revert;\">Das ganze Jahr \u00fcber:<\/span><\/strong><\/p>\n<\/div>\n<ul>\n<li>stehen die Pferde in Vollpension.<\/li>\n<li>bieten wir den Pferden Mineralsalz an.<\/li>\n<li>entwurmen.<\/li>\n<li>laufen die meisten Pferde barhuf.<\/li>\n<\/ul>\n<p>\u00a0<\/p>\n\n\n<figure class=\"wp-block-image size-large is-resized\"><img loading=\"lazy\" decoding=\"async\" width=\"1024\" height=\"683\" src=\"http:\/\/www.offenstall-alvaschein.ch\/wp-content\/uploads\/Offenstall-Alvaschein-19-1-1024x683.jpeg\" alt=\"\" class=\"wp-image-423\" style=\"width:406px;height:auto\" srcset=\"https:\/\/www.offenstall-alvaschein.ch\/wp-content\/uploads\/Offenstall-Alvaschein-19-1-1024x683.jpeg 1024w, https:\/\/www.offenstall-alvaschein.ch\/wp-content\/uploads\/Offenstall-Alvaschein-19-1-300x200.jpeg 300w, https:\/\/www.offenstall-alvaschein.ch\/wp-content\/uploads\/Offenstall-Alvaschein-19-1-768x512.jpeg 768w, https:\/\/www.offenstall-alvaschein.ch\/wp-content\/uploads\/Offenstall-Alvaschein-19-1-1536x1024.jpeg 1536w, https:\/\/www.offenstall-alvaschein.ch\/wp-content\/uploads\/Offenstall-Alvaschein-19-1.jpeg 1920w\" sizes=\"(max-width: 1024px) 100vw, 1024px\" \/><\/figure>\n\n\n\n<figure class=\"wp-block-image size-large is-resized\"><img loading=\"lazy\" decoding=\"async\" width=\"1024\" height=\"683\" src=\"http:\/\/www.offenstall-alvaschein.ch\/wp-content\/uploads\/Offenstall-Alvaschein-11-2-1024x683.jpeg\" alt=\"\" class=\"wp-image-424\" style=\"width:410px;height:auto\" srcset=\"https:\/\/www.offenstall-alvaschein.ch\/wp-content\/uploads\/Offenstall-Alvaschein-11-2-1024x683.jpeg 1024w, https:\/\/www.offenstall-alvaschein.ch\/wp-content\/uploads\/Offenstall-Alvaschein-11-2-300x200.jpeg 300w, https:\/\/www.offenstall-alvaschein.ch\/wp-content\/uploads\/Offenstall-Alvaschein-11-2-768x512.jpeg 768w, https:\/\/www.offenstall-alvaschein.ch\/wp-content\/uploads\/Offenstall-Alvaschein-11-2-1536x1024.jpeg 1536w, https:\/\/www.offenstall-alvaschein.ch\/wp-content\/uploads\/Offenstall-Alvaschein-11-2.jpeg 1920w\" sizes=\"(max-width: 1024px) 100vw, 1024px\" \/><\/figure>\n\n\n\n<figure class=\"wp-block-image size-large is-resized\"><img loading=\"lazy\" decoding=\"async\" width=\"1024\" height=\"683\" src=\"http:\/\/www.offenstall-alvaschein.ch\/wp-content\/uploads\/Offenstall-Alvaschein-18-2-1024x683.jpeg\" alt=\"\" class=\"wp-image-425\" style=\"width:410px;height:auto\" srcset=\"https:\/\/www.offenstall-alvaschein.ch\/wp-content\/uploads\/Offenstall-Alvaschein-18-2-1024x683.jpeg 1024w, https:\/\/www.offenstall-alvaschein.ch\/wp-content\/uploads\/Offenstall-Alvaschein-18-2-300x200.jpeg 300w, https:\/\/www.offenstall-alvaschein.ch\/wp-content\/uploads\/Offenstall-Alvaschein-18-2-768x512.jpeg 768w, https:\/\/www.offenstall-alvaschein.ch\/wp-content\/uploads\/Offenstall-Alvaschein-18-2-1536x1024.jpeg 1536w, https:\/\/www.offenstall-alvaschein.ch\/wp-content\/uploads\/Offenstall-Alvaschein-18-2.jpeg 1920w\" sizes=\"(max-width: 1024px) 100vw, 1024px\" \/><\/figure>\n\n\n\n<figure class=\"wp-block-image size-large is-resized\"><img loading=\"lazy\" decoding=\"async\" width=\"1024\" height=\"683\" src=\"http:\/\/www.offenstall-alvaschein.ch\/wp-content\/uploads\/Offenstall-Alvaschein-22-1024x683.jpeg\" alt=\"\" class=\"wp-image-426\" style=\"width:411px;height:auto\" srcset=\"https:\/\/www.offenstall-alvaschein.ch\/wp-content\/uploads\/Offenstall-Alvaschein-22-1024x683.jpeg 1024w, https:\/\/www.offenstall-alvaschein.ch\/wp-content\/uploads\/Offenstall-Alvaschein-22-300x200.jpeg 300w, https:\/\/www.offenstall-alvaschein.ch\/wp-content\/uploads\/Offenstall-Alvaschein-22-768x512.jpeg 768w, https:\/\/www.offenstall-alvaschein.ch\/wp-content\/uploads\/Offenstall-Alvaschein-22-1536x1024.jpeg 1536w, https:\/\/www.offenstall-alvaschein.ch\/wp-content\/uploads\/Offenstall-Alvaschein-22.jpeg 1920w\" sizes=\"(max-width: 1024px) 100vw, 1024px\" \/><\/figure>\n","protected":false},"excerpt":{"rendered":"<p>\u00a0 Im Sommer&amp;Herbst (ca. Juni bis Oktober): halten wir unsere Pferde nach dem Anweiden 24 Stunden auf 10 Hektaren naturnaher, artenreicher Bio-Hangwiesen. kontrollieren wir die Pferde t\u00e4glich. stellen wir den Pferden immer frisches Wasser und nat\u00fcrliche Schattenspender zur Verf\u00fcgung. \u00a0 Im Winter&amp;Fr\u00fchling (ca. November bis Mai): f\u00fchren wir einen grossz\u00fcgigen Offenstall. Der Stall ist abwechslungsreich [&hellip;]<\/p>\n","protected":false},"author":2,"featured_media":0,"parent":0,"menu_order":0,"comment_status":"closed","ping_status":"closed","template":"","meta":{"footnotes":""},"_links":{"self":[{"href":"https:\/\/www.offenstall-alvaschein.ch\/index.php\/wp-json\/wp\/v2\/pages\/58"}],"collection":[{"href":"https:\/\/www.offenstall-alvaschein.ch\/index.php\/wp-json\/wp\/v2\/pages"}],"about":[{"href":"https:\/\/www.offenstall-alvaschein.ch\/index.php\/wp-json\/wp\/v2\/types\/page"}],"author":[{"embeddable":true,"href":"https:\/\/www.offenstall-alvaschein.ch\/index.php\/wp-json\/wp\/v2\/users\/2"}],"replies":[{"embeddable":true,"href":"https:\/\/www.offenstall-alvaschein.ch\/index.php\/wp-json\/wp\/v2\/comments?post=58"}],"version-history":[{"count":75,"href":"https:\/\/www.offenstall-alvaschein.ch\/index.php\/wp-json\/wp\/v2\/pages\/58\/revisions"}],"predecessor-version":[{"id":427,"href":"https:\/\/www.offenstall-alvaschein.ch\/index.php\/wp-json\/wp\/v2\/pages\/58\/revisions\/427"}],"wp:attachment":[{"href":"https:\/\/www.offenstall-alvaschein.ch\/index.php\/wp-json\/wp\/v2\/media?parent=58"}],"curies":[{"name":"wp","href":"https:\/\/api.w.org\/{rel}","templated":true}]}}