{"id":56,"date":"2018-05-21T14:06:00","date_gmt":"2018-05-21T12:06:00","guid":{"rendered":"http:\/\/www.offenstall-alvaschein.ch\/?page_id=56"},"modified":"2024-12-06T12:13:54","modified_gmt":"2024-12-06T11:13:54","slug":"ueber-uns","status":"publish","type":"page","link":"https:\/\/www.offenstall-alvaschein.ch\/index.php\/ueber-uns\/","title":{"rendered":"\u00dcber uns"},"content":{"rendered":"<h4>Das sind wir<\/h4>\n<h4><img loading=\"lazy\" decoding=\"async\" class=\"wp-image-371 aligncenter\" src=\"http:\/\/www.offenstall-alvaschein.ch\/wp-content\/uploads\/DSC02368-Druck-300x200.jpeg\" alt=\"\" width=\"650\" height=\"434\" srcset=\"https:\/\/www.offenstall-alvaschein.ch\/wp-content\/uploads\/DSC02368-Druck-300x200.jpeg 300w, https:\/\/www.offenstall-alvaschein.ch\/wp-content\/uploads\/DSC02368-Druck-1024x683.jpeg 1024w, https:\/\/www.offenstall-alvaschein.ch\/wp-content\/uploads\/DSC02368-Druck-768x512.jpeg 768w, https:\/\/www.offenstall-alvaschein.ch\/wp-content\/uploads\/DSC02368-Druck-1536x1024.jpeg 1536w, https:\/\/www.offenstall-alvaschein.ch\/wp-content\/uploads\/DSC02368-Druck-2048x1365.jpeg 2048w\" sizes=\"(max-width: 650px) 100vw, 650px\" \/><\/h4>\n<\/p>\n<p>Wir sind Damian, Dagmar, Delia, Niculin und Marietta Balzer.<\/p>\n<p>Damian f\u00fchrt den Stall, der seit vielen Generationen zur Familie geh\u00f6rt. Alle anderen Familienmitglieder stehen Damian neben ihren Ausbildungen und Jobs unterst\u00fctzend zur Seite.<\/p>\n<p>Neben den Pferden wohnen unsere K\u00fche (Mutterkuhhaltung), zwei H\u00e4hne, der Kater Zingaro und der Hund Zipo auf dem Biobetrieb, der rund 33 Hektaren umfasst.<\/p>\n<\/p>\n<h4>Unsere Philosophie<\/h4>\n<p>Wir legen viel Wert auf eine tiergerechte und naturnahe Haltung. Wir sind stolz auf unseren Betrieb und w\u00fcnschen uns, dass auch andere Freude an dem haben, was wir geschaffen haben.<\/p>\n<p>Wir sind bodenst\u00e4ndig und unkompliziert. Gleichzeitig ist es uns wichtig, lebendig zu bleiben, neues dazuzulernen und uns weiter zu entwickeln.<\/p>\n<p>Unser Betrieb lebt &#8211; Wir machen unser Heu selbst, es stehen und fahren Maschinen auf dem Hof. Die K\u00fche geh\u00f6ren genau so zu uns wie die Pferde und leben direkt nebenan. Die oberste Priorit\u00e4t liegt immer dort, wo es gerade am N\u00f6tigsten ist, um das Wohlbefinden der Tiere zu gew\u00e4hrleisten.<\/p>\n<p>Wir freuen uns \u00fcber Einsteller, die von Herzen gern zu uns kommen und sch\u00e4tzen, was sie bei uns vorfinden. Weil bei uns alles sehr pers\u00f6nlich und eher klein ist, ist uns besonders wichtig, dass wir und unsere Einstellern zueinander passen. Wir sch\u00e4tzen eine offene, direkte Kommunikation und w\u00fcnschen uns Menschen, die bei uns am Stall letztlich genau so zufrieden sind, wie wir das selber sind. Wenn etwas nicht gleich klappt &#8211; Mit uns kann man immer reden.<\/p>\n<p>Wir bieten den Pferden viel Freiheit und ein Herdenleben mit intaktem Sozialverhalten. Wir legen viel Wert auf den fairen Umgang mit dem Tier. Gleichzeitig sind wir tolerant und freuen uns \u00fcber einzigartige Charaktere, die bei uns sich selber sein k\u00f6nnen.<\/p>\n<\/p>\n<p>\n\n\n<\/p>\n<figure class=\"wp-block-image size-large\"><img loading=\"lazy\" decoding=\"async\" class=\"wp-image-433 alignnone\" src=\"http:\/\/www.offenstall-alvaschein.ch\/wp-content\/uploads\/PHOTO-2021-11-29-19-37-18-1024x682.jpg\" alt=\"\" width=\"594\" height=\"395\" srcset=\"https:\/\/www.offenstall-alvaschein.ch\/wp-content\/uploads\/PHOTO-2021-11-29-19-37-18-1024x682.jpg 1024w, https:\/\/www.offenstall-alvaschein.ch\/wp-content\/uploads\/PHOTO-2021-11-29-19-37-18-300x200.jpg 300w, https:\/\/www.offenstall-alvaschein.ch\/wp-content\/uploads\/PHOTO-2021-11-29-19-37-18-768x512.jpg 768w, https:\/\/www.offenstall-alvaschein.ch\/wp-content\/uploads\/PHOTO-2021-11-29-19-37-18-1536x1023.jpg 1536w, https:\/\/www.offenstall-alvaschein.ch\/wp-content\/uploads\/PHOTO-2021-11-29-19-37-18.jpg 1600w\" sizes=\"(max-width: 594px) 100vw, 594px\" \/><\/figure>\n<p>\n\n\n\n<figure class=\"wp-block-image size-large is-resized\"><img loading=\"lazy\" decoding=\"async\" width=\"1024\" height=\"883\" src=\"http:\/\/www.offenstall-alvaschein.ch\/wp-content\/uploads\/Bildschirmfoto-2024-12-06-um-12.06.03-1024x883.png\" alt=\"\" class=\"wp-image-436\" style=\"width:594px;height:auto\" srcset=\"https:\/\/www.offenstall-alvaschein.ch\/wp-content\/uploads\/Bildschirmfoto-2024-12-06-um-12.06.03-1024x883.png 1024w, https:\/\/www.offenstall-alvaschein.ch\/wp-content\/uploads\/Bildschirmfoto-2024-12-06-um-12.06.03-300x259.png 300w, https:\/\/www.offenstall-alvaschein.ch\/wp-content\/uploads\/Bildschirmfoto-2024-12-06-um-12.06.03-768x662.png 768w, https:\/\/www.offenstall-alvaschein.ch\/wp-content\/uploads\/Bildschirmfoto-2024-12-06-um-12.06.03.png 1164w\" sizes=\"(max-width: 1024px) 100vw, 1024px\" \/><\/figure>\n\n\n\n<figure class=\"wp-block-image size-large is-resized\"><img loading=\"lazy\" decoding=\"async\" width=\"1024\" height=\"683\" src=\"http:\/\/www.offenstall-alvaschein.ch\/wp-content\/uploads\/Offenstall-Alvaschein-25-1-1024x683.jpeg\" alt=\"\" class=\"wp-image-437\" style=\"width:594px;height:auto\" srcset=\"https:\/\/www.offenstall-alvaschein.ch\/wp-content\/uploads\/Offenstall-Alvaschein-25-1-1024x683.jpeg 1024w, https:\/\/www.offenstall-alvaschein.ch\/wp-content\/uploads\/Offenstall-Alvaschein-25-1-300x200.jpeg 300w, https:\/\/www.offenstall-alvaschein.ch\/wp-content\/uploads\/Offenstall-Alvaschein-25-1-768x512.jpeg 768w, https:\/\/www.offenstall-alvaschein.ch\/wp-content\/uploads\/Offenstall-Alvaschein-25-1-1536x1024.jpeg 1536w, https:\/\/www.offenstall-alvaschein.ch\/wp-content\/uploads\/Offenstall-Alvaschein-25-1.jpeg 1920w\" sizes=\"(max-width: 1024px) 100vw, 1024px\" \/><\/figure>\n\n\n\n<figure class=\"wp-block-image size-large is-resized\"><img loading=\"lazy\" decoding=\"async\" width=\"683\" height=\"1024\" src=\"http:\/\/www.offenstall-alvaschein.ch\/wp-content\/uploads\/PHOTO-2022-09-04-21-08-13-683x1024.jpg\" alt=\"\" class=\"wp-image-438\" style=\"width:597px;height:auto\" srcset=\"https:\/\/www.offenstall-alvaschein.ch\/wp-content\/uploads\/PHOTO-2022-09-04-21-08-13-683x1024.jpg 683w, https:\/\/www.offenstall-alvaschein.ch\/wp-content\/uploads\/PHOTO-2022-09-04-21-08-13-200x300.jpg 200w, https:\/\/www.offenstall-alvaschein.ch\/wp-content\/uploads\/PHOTO-2022-09-04-21-08-13-768x1151.jpg 768w, https:\/\/www.offenstall-alvaschein.ch\/wp-content\/uploads\/PHOTO-2022-09-04-21-08-13-1025x1536.jpg 1025w, https:\/\/www.offenstall-alvaschein.ch\/wp-content\/uploads\/PHOTO-2022-09-04-21-08-13.jpg 1366w\" sizes=\"(max-width: 683px) 100vw, 683px\" \/><\/figure>\n","protected":false},"excerpt":{"rendered":"<p>Das sind wir Wir sind Damian, Dagmar, Delia, Niculin und Marietta Balzer. Damian f\u00fchrt den Stall, der seit vielen Generationen zur Familie geh\u00f6rt. Alle anderen Familienmitglieder stehen Damian neben ihren Ausbildungen und Jobs unterst\u00fctzend zur Seite. Neben den Pferden wohnen unsere K\u00fche (Mutterkuhhaltung), zwei H\u00e4hne, der Kater Zingaro und der Hund Zipo auf dem Biobetrieb, [&hellip;]<\/p>\n","protected":false},"author":2,"featured_media":0,"parent":0,"menu_order":0,"comment_status":"closed","ping_status":"closed","template":"","meta":{"footnotes":""},"_links":{"self":[{"href":"https:\/\/www.offenstall-alvaschein.ch\/index.php\/wp-json\/wp\/v2\/pages\/56"}],"collection":[{"href":"https:\/\/www.offenstall-alvaschein.ch\/index.php\/wp-json\/wp\/v2\/pages"}],"about":[{"href":"https:\/\/www.offenstall-alvaschein.ch\/index.php\/wp-json\/wp\/v2\/types\/page"}],"author":[{"embeddable":true,"href":"https:\/\/www.offenstall-alvaschein.ch\/index.php\/wp-json\/wp\/v2\/users\/2"}],"replies":[{"embeddable":true,"href":"https:\/\/www.offenstall-alvaschein.ch\/index.php\/wp-json\/wp\/v2\/comments?post=56"}],"version-history":[{"count":21,"href":"https:\/\/www.offenstall-alvaschein.ch\/index.php\/wp-json\/wp\/v2\/pages\/56\/revisions"}],"predecessor-version":[{"id":440,"href":"https:\/\/www.offenstall-alvaschein.ch\/index.php\/wp-json\/wp\/v2\/pages\/56\/revisions\/440"}],"wp:attachment":[{"href":"https:\/\/www.offenstall-alvaschein.ch\/index.php\/wp-json\/wp\/v2\/media?parent=56"}],"curies":[{"name":"wp","href":"https:\/\/api.w.org\/{rel}","templated":true}]}}